{"id":213,"date":"2021-04-05T21:11:45","date_gmt":"2021-04-05T21:11:45","guid":{"rendered":"https:\/\/jaciararocha.com.br\/?page_id=213"},"modified":"2021-04-05T21:19:44","modified_gmt":"2021-04-05T21:19:44","slug":"lgpd","status":"publish","type":"page","link":"https:\/\/jaciararocha.com.br.all4.in\/?page_id=213","title":{"rendered":"LGPD"},"content":{"rendered":"\t\t<div data-elementor-type=\"wp-page\" data-elementor-id=\"213\" class=\"elementor elementor-213\" data-elementor-settings=\"[]\">\n\t\t\t\t\t\t<div class=\"elementor-inner\">\n\t\t\t\t\t\t\t<div class=\"elementor-section-wrap\">\n\t\t\t\t\t\t\t<section class=\"elementor-section elementor-top-section elementor-element elementor-element-7e83e1b elementor-section-boxed elementor-section-height-default elementor-section-height-default\" data-id=\"7e83e1b\" data-element_type=\"section\">\n\t\t\t\t\t\t<div class=\"elementor-container elementor-column-gap-default\">\n\t\t\t\t\t\t\t<div class=\"elementor-row\">\n\t\t\t\t\t<div class=\"aux-parallax-section elementor-column elementor-col-100 elementor-top-column elementor-element elementor-element-5e2257c\" data-id=\"5e2257c\" data-element_type=\"column\">\n\t\t\t<div class=\"elementor-column-wrap elementor-element-populated\">\n\t\t\t\t\t\t\t<div class=\"elementor-widget-wrap\">\n\t\t\t\t\t\t<div class=\"elementor-element elementor-element-1d5330d elementor-widget elementor-widget-image\" data-id=\"1d5330d\" data-element_type=\"widget\" data-widget_type=\"image.default\">\n\t\t\t\t<div class=\"elementor-widget-container\">\n\t\t\t\t\t\t\t\t<div class=\"elementor-image\">\n\t\t\t\t\t\t\t\t\t\t\t\t<img loading=\"lazy\" decoding=\"async\" width=\"186\" height=\"200\" src=\"https:\/\/jaciararocha.com.br.all4.in\/wp-content\/uploads\/2021\/04\/logo-privacidade-garantida.png\" class=\"attachment-full size-full\" alt=\"\" \/>\t\t\t\t\t\t\t\t\t\t\t\t\t\t<\/div>\n\t\t\t\t\t\t<\/div>\n\t\t\t\t<\/div>\n\t\t\t\t\t\t<\/div>\n\t\t\t\t\t<\/div>\n\t\t<\/div>\n\t\t\t\t\t\t\t\t<\/div>\n\t\t\t\t\t<\/div>\n\t\t<\/section>\n\t\t\t\t<section class=\"elementor-section elementor-top-section elementor-element elementor-element-7ad1b7e elementor-section-boxed elementor-section-height-default elementor-section-height-default\" data-id=\"7ad1b7e\" data-element_type=\"section\">\n\t\t\t\t\t\t<div class=\"elementor-container elementor-column-gap-default\">\n\t\t\t\t\t\t\t<div class=\"elementor-row\">\n\t\t\t\t\t<div class=\"aux-parallax-section elementor-column elementor-col-100 elementor-top-column elementor-element elementor-element-e5a886a\" data-id=\"e5a886a\" data-element_type=\"column\">\n\t\t\t<div class=\"elementor-column-wrap elementor-element-populated\">\n\t\t\t\t\t\t\t<div class=\"elementor-widget-wrap\">\n\t\t\t\t\t\t<div class=\"elementor-element elementor-element-cd21fc5 elementor-widget elementor-widget-text-editor\" data-id=\"cd21fc5\" data-element_type=\"widget\" data-widget_type=\"text-editor.default\">\n\t\t\t\t<div class=\"elementor-widget-container\">\n\t\t\t\t\t\t\t\t<div class=\"elementor-text-editor elementor-clearfix\">\n\t\t\t\t\t<p>Em parceria com a empresa Privacidade Garantida o escrit\u00f3rio Ferreira Domingues juntamente com a Dra. Jaciara Rocha realiza assessoria e consultoria na adequa\u00e7\u00e3o em prote\u00e7\u00e3o de dados e Certifica\u00e7\u00e3o em LGPD.<\/p>\t\t\t\t\t<\/div>\n\t\t\t\t\t\t<\/div>\n\t\t\t\t<\/div>\n\t\t\t\t<div class=\"elementor-element elementor-element-cc7a261 elementor-widget elementor-widget-text-editor\" data-id=\"cc7a261\" data-element_type=\"widget\" data-widget_type=\"text-editor.default\">\n\t\t\t\t<div class=\"elementor-widget-container\">\n\t\t\t\t\t\t\t\t<div class=\"elementor-text-editor elementor-clearfix\">\n\t\t\t\t\t<ul><li>Implementamos solu\u00e7\u00f5es com o fim de atender \u00e0 Lei Geral de Prote\u00e7\u00e3o de Dados e outras normas.<\/li><li>Revis\u00e3o ou elabora\u00e7\u00e3o de contratos, formul\u00e1rios, termos de uso e privacidade.<\/li><li>O cliente pode utilizar o\u00a0<strong>Selo &#8220;Privacidade Garantida&#8221;<\/strong>\u00a0em suas plataformas digitais (sites, redes sociais, etc.) e\/ou balc\u00f5es de atendimento f\u00edsico, aumentando a credibilidade da empresa quanto ao cumprimento da legisla\u00e7\u00e3o.<\/li><li>An\u00e1lise e adequa\u00e7\u00e3o dos tr\u00e2mites (processos) administrativos e de atendimentos internos e externos, bem como treinamento de colaboradores. Orienta\u00e7\u00e3o jur\u00eddica sobre Tecnologia da Informa\u00e7\u00e3o.<\/li><li>Monitoramento permanente e Certifica\u00e7\u00e3o de conformidade em prote\u00e7\u00e3o de dados.<\/li><li>An\u00e1lise detalhada e revis\u00e3o da implementa\u00e7\u00e3o, por consultoria externa e\/ou equipe interna, de compliance em Prote\u00e7\u00e3o de Dados.<\/li><li>An\u00e1lise dos processos, solu\u00e7\u00f5es tecnol\u00f3gicas e arranjos jur\u00eddico contratuais (e eventualmente com apontamentos para ajustes\/corre\u00e7\u00e3o).<\/li><li>Prestar esclarecimentos e sugerir provid\u00eancias.<\/li><li>Conscientizar colaboradores e contratados sobre como proceder no tratamento de dados.<\/li><\/ul>\t\t\t\t\t<\/div>\n\t\t\t\t\t\t<\/div>\n\t\t\t\t<\/div>\n\t\t\t\t\t\t<\/div>\n\t\t\t\t\t<\/div>\n\t\t<\/div>\n\t\t\t\t\t\t\t\t<\/div>\n\t\t\t\t\t<\/div>\n\t\t<\/section>\n\t\t\t\t<section class=\"elementor-section elementor-top-section elementor-element elementor-element-c5e29c0 elementor-section-boxed elementor-section-height-default elementor-section-height-default\" data-id=\"c5e29c0\" data-element_type=\"section\">\n\t\t\t\t\t\t<div class=\"elementor-container elementor-column-gap-default\">\n\t\t\t\t\t\t\t<div class=\"elementor-row\">\n\t\t\t\t\t<div class=\"aux-parallax-section elementor-column elementor-col-100 elementor-top-column elementor-element elementor-element-cf06f90\" data-id=\"cf06f90\" data-element_type=\"column\">\n\t\t\t<div class=\"elementor-column-wrap elementor-element-populated\">\n\t\t\t\t\t\t\t<div class=\"elementor-widget-wrap\">\n\t\t\t\t\t\t<div class=\"elementor-element elementor-element-787060e elementor-widget elementor-widget-aux_modern_button\" data-id=\"787060e\" data-element_type=\"widget\" data-widget_type=\"aux_modern_button.default\">\n\t\t\t\t<div class=\"elementor-widget-container\">\n\t\t\t    <div class=\"aux-modern-button-wrapper aux-modern-button-align-center\" >\n                    <a class=\"aux-modern-button aux-black aux-modern-button-md aux-modern-button-normal aux-modern-button-default aux-icon-\" href=\"https:\/\/ferreira-domingues.webnode.com\/lgpd2\/\">\n                <div class=\"aux-overlay\"><\/div>\n                                    <div class=\"aux-icon \">\n                                            <\/div>\n                                <div class=\"aux-text\">\n<span class=\"aux-text-before\">Conhe\u00e7a<\/span>                <\/div>\n            <\/a>\n            \n    <\/div>\n\n    \t\t<\/div>\n\t\t\t\t<\/div>\n\t\t\t\t\t\t<\/div>\n\t\t\t\t\t<\/div>\n\t\t<\/div>\n\t\t\t\t\t\t\t\t<\/div>\n\t\t\t\t\t<\/div>\n\t\t<\/section>\n\t\t\t\t\t\t<\/div>\n\t\t\t\t\t\t<\/div>\n\t\t\t\t\t<\/div>\n\t\t","protected":false},"excerpt":{"rendered":"<p>Em parceria com a empresa Privacidade Garantida o escrit\u00f3rio Ferreira Domingues juntamente com a Dra. Jaciara Rocha realiza assessoria e consultoria na adequa\u00e7\u00e3o em prote\u00e7\u00e3o de dados e Certifica\u00e7\u00e3o em LGPD. Implementamos solu\u00e7\u00f5es com o fim de atender \u00e0 Lei Geral de Prote\u00e7\u00e3o de Dados e outras normas. Revis\u00e3o ou elabora\u00e7\u00e3o de contratos, formul\u00e1rios, termos [&hellip;]<\/p>\n","protected":false},"author":1,"featured_media":0,"parent":0,"menu_order":0,"comment_status":"closed","ping_status":"closed","template":"","meta":{"footnotes":""},"class_list":["post-213","page","type-page","status-publish","hentry"],"_links":{"self":[{"href":"https:\/\/jaciararocha.com.br.all4.in\/index.php?rest_route=\/wp\/v2\/pages\/213","targetHints":{"allow":["GET"]}}],"collection":[{"href":"https:\/\/jaciararocha.com.br.all4.in\/index.php?rest_route=\/wp\/v2\/pages"}],"about":[{"href":"https:\/\/jaciararocha.com.br.all4.in\/index.php?rest_route=\/wp\/v2\/types\/page"}],"author":[{"embeddable":true,"href":"https:\/\/jaciararocha.com.br.all4.in\/index.php?rest_route=\/wp\/v2\/users\/1"}],"replies":[{"embeddable":true,"href":"https:\/\/jaciararocha.com.br.all4.in\/index.php?rest_route=%2Fwp%2Fv2%2Fcomments&post=213"}],"version-history":[{"count":7,"href":"https:\/\/jaciararocha.com.br.all4.in\/index.php?rest_route=\/wp\/v2\/pages\/213\/revisions"}],"predecessor-version":[{"id":221,"href":"https:\/\/jaciararocha.com.br.all4.in\/index.php?rest_route=\/wp\/v2\/pages\/213\/revisions\/221"}],"wp:attachment":[{"href":"https:\/\/jaciararocha.com.br.all4.in\/index.php?rest_route=%2Fwp%2Fv2%2Fmedia&parent=213"}],"curies":[{"name":"wp","href":"https:\/\/api.w.org\/{rel}","templated":true}]}}